{"id":7028,"date":"2023-08-02T16:55:46","date_gmt":"2023-08-02T16:55:46","guid":{"rendered":"https:\/\/umuco.bi\/?page_id=7028"},"modified":"2023-08-02T17:01:43","modified_gmt":"2023-08-02T17:01:43","slug":"about-us-2","status":"publish","type":"page","link":"https:\/\/umuco.bi\/?page_id=7028&lang=fr","title":{"rendered":"A propos de nous\u00a0"},"content":{"rendered":"\t\t<div data-elementor-type=\"wp-page\" data-elementor-id=\"7028\" class=\"elementor elementor-7028\">\n\t\t\t\t\t\t\t\t\t<section class=\"elementor-section elementor-top-section elementor-element elementor-element-0a7202d elementor-section-boxed elementor-section-height-default elementor-section-height-default\" data-id=\"0a7202d\" data-element_type=\"section\">\n\t\t\t\t\t\t<div class=\"elementor-container elementor-column-gap-default\">\n\t\t\t\t\t<div class=\"elementor-column elementor-col-50 elementor-top-column elementor-element elementor-element-55138ff\" data-id=\"55138ff\" data-element_type=\"column\">\n\t\t\t<div class=\"elementor-widget-wrap elementor-element-populated\">\n\t\t\t\t\t\t\t\t<div class=\"elementor-element elementor-element-5d44b56 elementor-widget elementor-widget-creote-title-v1\" data-id=\"5d44b56\" data-element_type=\"widget\" data-widget_type=\"creote-title-v1.default\">\n\t\t\t\t<div class=\"elementor-widget-container\">\n\t\t\t<div class=\"title_all_box style_five  dark_color\">\r\n         <div class=\"title_sections five left\">\r\n            <div class=\"before_title\">\r\n         We are      <\/div>\r\n                                <div class=\"title\">  UMUCO Microfinance <\/div>\r\n                         <\/div>\r\n            \r\n<\/div>\r\n\t\t<\/div>\n\t\t\t\t<\/div>\n\t\t\t\t<div class=\"elementor-element elementor-element-d1c92db elementor-widget elementor-widget-creote-description-v1\" data-id=\"d1c92db\" data-element_type=\"widget\" data-widget_type=\"creote-description-v1.default\">\n\t\t\t\t<div class=\"elementor-widget-container\">\n\t\t\t<div class=\"description_box\" >\r\n    <p>UMUCO MICROFINANCE s.a est Institution de Microfinance de la\ncat\u00e9gorie\u00a0\u201cSoci\u00e9t\u00e9 Anonyme\u00a0\u00bb. Elle est enregistr\u00e9e au Registre de Commerce sous le\nnum\u00e9ro RC 09203, au num\u00e9ro d\u2019immatricualtion fiscale NIF 4000862401 et f\u00fbt agr\u00e9\u00e9e\npar la Banque de la R\u00e9publique du Burundi (BRB) comme \u00e9tablissement de\nMicrofinance par l\u2019Acte num\u00e9ro DI\/204\/2012 du 29 Janvier 2018\u00a0; les statuts\nactualis\u00e9s de UMUCO MICROFINANCE s.a date du 11 aout 2022<\/p>\r\n  <\/div>\r\n\t\t<\/div>\n\t\t\t\t<\/div>\n\t\t\t\t\t<\/div>\n\t\t<\/div>\n\t\t\t\t<div class=\"elementor-column elementor-col-50 elementor-top-column elementor-element elementor-element-bfd1edc\" data-id=\"bfd1edc\" data-element_type=\"column\">\n\t\t\t<div class=\"elementor-widget-wrap elementor-element-populated\">\n\t\t\t\t\t\t\t\t<div class=\"elementor-element elementor-element-a9fb537 elementor-widget elementor-widget-creote-image-box-v1\" data-id=\"a9fb537\" data-element_type=\"widget\" data-widget_type=\"creote-image-box-v1.default\">\n\t\t\t\t<div class=\"elementor-widget-container\">\n\t\t\t<div class=\"image_boxes style_two\" >\r\n         <div class=\"image one\">\r\n      <img decoding=\"async\" src=\"https:\/\/themepanthers.com\/wp\/creote\/v-new\/wp-content\/uploads\/2021\/10\/about-us-1-min.png\" class=\"image\" alt=\"image\" \/>\r\n   <\/div>\r\n         <div class=\"image two\">\r\n      <img decoding=\"async\" src=\"https:\/\/themepanthers.com\/wp\/creote\/v-new\/wp-content\/uploads\/2021\/10\/about-us-2-min.png\" class=\"img\" alt=\"image\" \/>\r\n         <\/div>\r\n      <\/div>\r\n \r\n\t\t<\/div>\n\t\t\t\t<\/div>\n\t\t\t\t\t<\/div>\n\t\t<\/div>\n\t\t\t\t\t\t\t<\/div>\n\t\t<\/section>\n\t\t\t\t<section class=\"elementor-section elementor-top-section elementor-element elementor-element-562b721 elementor-section-boxed elementor-section-height-default elementor-section-height-default\" data-id=\"562b721\" data-element_type=\"section\" data-settings=\"{&quot;background_background&quot;:&quot;classic&quot;}\">\n\t\t\t\t\t\t<div class=\"elementor-container elementor-column-gap-default\">\n\t\t\t\t\t<div class=\"elementor-column elementor-col-100 elementor-top-column elementor-element elementor-element-8e9c1fb\" data-id=\"8e9c1fb\" data-element_type=\"column\">\n\t\t\t<div class=\"elementor-widget-wrap elementor-element-populated\">\n\t\t\t\t\t\t\t\t<div class=\"elementor-element elementor-element-1e9f9ad elementor-widget elementor-widget-creote-title-v1\" data-id=\"1e9f9ad\" data-element_type=\"widget\" data-widget_type=\"creote-title-v1.default\">\n\t\t\t\t<div class=\"elementor-widget-container\">\n\t\t\t<div class=\"title_all_box style_five  dark_color\">\r\n         <div class=\"title_sections five center\">\r\n            <div class=\"before_title\">\r\n         Notre Microfinance      <\/div>\r\n                                <div class=\"title\">  D\u00e9marquez-vous du reste<\/div>\r\n                         <\/div>\r\n            \r\n<\/div>\r\n\t\t<\/div>\n\t\t\t\t<\/div>\n\t\t\t\t<section class=\"elementor-section elementor-inner-section elementor-element elementor-element-fe36003 elementor-section-full_width elementor-section-height-default elementor-section-height-default\" data-id=\"fe36003\" data-element_type=\"section\">\n\t\t\t\t\t\t<div class=\"elementor-container elementor-column-gap-default\">\n\t\t\t\t\t<div class=\"elementor-column elementor-col-50 elementor-inner-column elementor-element elementor-element-3e5e5fb\" data-id=\"3e5e5fb\" data-element_type=\"column\">\n\t\t\t<div class=\"elementor-widget-wrap elementor-element-populated\">\n\t\t\t\t\t\t\t\t<div class=\"elementor-element elementor-element-be9bbe9 elementor-widget elementor-widget-creote-simple-image-box-v1\" data-id=\"be9bbe9\" data-element_type=\"widget\" data-widget_type=\"creote-simple-image-box-v1.default\">\n\t\t\t\t<div class=\"elementor-widget-container\">\n\t\t\t<div class=\"simple_image_boxes  parallax_cover\"   data-aos=\"fade-up\" data-aos-delay=\"0\"  data-aos-offset=\"0\" >\r\n   <img decoding=\"async\" src=\"https:\/\/umuco.bi\/wp-content\/uploads\/2023\/06\/wepik-export-20230630110430i2l2.jpeg\" class=\"simp_img cover-parallax\" alt=\"\" \/>\r\n<\/div>\r\n\t\t<\/div>\n\t\t\t\t<\/div>\n\t\t\t\t<div class=\"elementor-element elementor-element-a1307b9 elementor-widget elementor-widget-creote-iconbox-v1\" data-id=\"a1307b9\" data-element_type=\"widget\" data-widget_type=\"creote-iconbox-v1.default\">\n\t\t\t\t<div class=\"elementor-widget-container\">\n\t\t\t<div class=\"icon_box_all  style_three\"   data-aos=\"fade-up\" data-aos-delay=\"0\"  data-aos-offset=\"0\" >\r\n      <div class=\"icon_content \">\r\n            <div class=\"icon\">\r\n         <span class=\" icon-bow-and-arrow\"><\/span>\r\n      <\/div>\r\n            <div class=\"txt_content\">\r\n                  <h3>\r\n            <a href=\"#\"  target=&quot;_blank&quot;  rel=&quot;nofollow&quot;>\r\n            Notre Mission            <\/a>\r\n         <\/h3>\r\n                           <p>\r\n            La mission d'UMUCO MICROFINANCE s.a est d\u2019offrir les services financiers\ninnovants garantissant la rentabilit\u00e9 et la perennit\u00e9 de la soci\u00e9t\u00e9.         <\/p>\r\n                                 <\/div>\r\n   <\/div>\r\n   \r\n<\/div>\r\n\t\t<\/div>\n\t\t\t\t<\/div>\n\t\t\t\t\t<\/div>\n\t\t<\/div>\n\t\t\t\t<div class=\"elementor-column elementor-col-50 elementor-inner-column elementor-element elementor-element-6967ad5\" data-id=\"6967ad5\" data-element_type=\"column\">\n\t\t\t<div class=\"elementor-widget-wrap elementor-element-populated\">\n\t\t\t\t\t\t\t\t<div class=\"elementor-element elementor-element-47600fb elementor-widget elementor-widget-creote-iconbox-v1\" data-id=\"47600fb\" data-element_type=\"widget\" data-widget_type=\"creote-iconbox-v1.default\">\n\t\t\t\t<div class=\"elementor-widget-container\">\n\t\t\t<div class=\"icon_box_all  style_three\"   data-aos=\"fade-up\" data-aos-delay=\"0\"  data-aos-offset=\"0\" >\r\n      <div class=\"icon_content \">\r\n            <div class=\"icon\">\r\n         <span class=\" icon-binoculars\"><\/span>\r\n      <\/div>\r\n            <div class=\"txt_content\">\r\n                  <h3>\r\n            <a href=\"#\"  target=&quot;_blank&quot;  rel=&quot;nofollow&quot;>\r\n            Notre vision            <\/a>\r\n         <\/h3>\r\n                           <p>\r\n            La vision d' UMUCO MICROFINANCE s.a est de devenir une IMF d\u2019affaires et\ninnovantes dans le secteur de la Microfinance au Burundi.         <\/p>\r\n                                 <\/div>\r\n   <\/div>\r\n   \r\n<\/div>\r\n\t\t<\/div>\n\t\t\t\t<\/div>\n\t\t\t\t<div class=\"elementor-element elementor-element-851a7a3 elementor-widget elementor-widget-creote-simple-image-box-v1\" data-id=\"851a7a3\" data-element_type=\"widget\" data-widget_type=\"creote-simple-image-box-v1.default\">\n\t\t\t\t<div class=\"elementor-widget-container\">\n\t\t\t<div class=\"simple_image_boxes  parallax_cover\"   data-aos=\"fade-up\" data-aos-delay=\"0\"  data-aos-offset=\"0\" >\r\n   <img decoding=\"async\" src=\"https:\/\/umuco.bi\/wp-content\/uploads\/2023\/06\/wepik-export-20230630101739ptZE.jpeg\" class=\"simp_img cover-parallax\" alt=\"\" \/>\r\n<\/div>\r\n\t\t<\/div>\n\t\t\t\t<\/div>\n\t\t\t\t\t<\/div>\n\t\t<\/div>\n\t\t\t\t\t\t\t<\/div>\n\t\t<\/section>\n\t\t\t\t\t<\/div>\n\t\t<\/div>\n\t\t\t\t\t\t\t<\/div>\n\t\t<\/section>\n\t\t\t\t\t\t\t<\/div>\n\t\t","protected":false},"excerpt":{"rendered":"<p>We are UMUCO Microfinance UMUCO MICROFINANCE s.a est Institution de Microfinance de la cat\u00e9gorie\u00a0\u201cSoci\u00e9t\u00e9 Anonyme\u00a0\u00bb. Elle est enregistr\u00e9e au Registre de Commerce sous le num\u00e9ro RC 09203, au num\u00e9ro d\u2019immatricualtion fiscale NIF 4000862401 et f\u00fbt agr\u00e9\u00e9e par la Banque de la R\u00e9publique du Burundi (BRB) comme \u00e9tablissement de Microfinance par l\u2019Acte num\u00e9ro DI\/204\/2012 du 29 [&hellip;]<\/p>\n","protected":false},"author":1,"featured_media":0,"parent":0,"menu_order":0,"comment_status":"closed","ping_status":"closed","template":"template-fullwidth.php","meta":{"content-type":"","footnotes":""},"class_list":["post-7028","page","type-page","status-publish","hentry"],"_links":{"self":[{"href":"https:\/\/umuco.bi\/index.php?rest_route=\/wp\/v2\/pages\/7028","targetHints":{"allow":["GET"]}}],"collection":[{"href":"https:\/\/umuco.bi\/index.php?rest_route=\/wp\/v2\/pages"}],"about":[{"href":"https:\/\/umuco.bi\/index.php?rest_route=\/wp\/v2\/types\/page"}],"author":[{"embeddable":true,"href":"https:\/\/umuco.bi\/index.php?rest_route=\/wp\/v2\/users\/1"}],"replies":[{"embeddable":true,"href":"https:\/\/umuco.bi\/index.php?rest_route=%2Fwp%2Fv2%2Fcomments&post=7028"}],"version-history":[{"count":11,"href":"https:\/\/umuco.bi\/index.php?rest_route=\/wp\/v2\/pages\/7028\/revisions"}],"predecessor-version":[{"id":7039,"href":"https:\/\/umuco.bi\/index.php?rest_route=\/wp\/v2\/pages\/7028\/revisions\/7039"}],"wp:attachment":[{"href":"https:\/\/umuco.bi\/index.php?rest_route=%2Fwp%2Fv2%2Fmedia&parent=7028"}],"curies":[{"name":"wp","href":"https:\/\/api.w.org\/{rel}","templated":true}]}}